{"id":22,"date":"2024-02-08T14:28:00","date_gmt":"2024-02-08T13:28:00","guid":{"rendered":"https:\/\/lesconfectionsjoly.com\/demo\/?page_id=22"},"modified":"2024-02-15T14:00:37","modified_gmt":"2024-02-15T13:00:37","slug":"accueil","status":"publish","type":"page","link":"https:\/\/lesconfectionsjoly.com\/demo\/","title":{"rendered":"Accueil"},"content":{"rendered":"<div class=\"message-box relative dark\" style=\"padding-top:15px;padding-bottom:15px;\"><div class=\"message-box-bg-image bg-fill fill\" ><\/div><div class=\"message-box-bg-overlay bg-fill fill\" style=\"background-color:rgb(145, 36, 56);\"><\/div><div class=\"container relative\"><div class=\"inner last-reset\">\n\n<div class=\"row align-middle align-center\"  id=\"row-714500854\">\n\n\n\t<div id=\"col-1905571539\" class=\"col small-12 large-12\"  >\n\t\t\t\t<div class=\"col-inner text-left\"  >\n\t\t\t\n\t\t\t\n\n<h1>Votre boutique, notre site<\/h1>\n<p>Nous vous offrons de cr\u00e9er votre boutique sur notre site! Ensemble, nous \u00e9tablirons les items que vous souhaitez vendre. Nous personnaliserons votre micro-site afin que chaque item ait votre logo tel que vous le d\u00e9sirez.\u00a0<\/p>\n<h1>Notre but: vous faciliter la t\u00e2che!<\/h1>\n<p>Donner acc\u00e8s au site \u00e0 vos employ\u00e9s afin qu&rsquo;ils g\u00e8rent eux-m\u00eame les v\u00eatements qu&rsquo;ils d\u00e9sirent avoir. Plus de casse-t\u00eate \u00e0 l&rsquo;interne, nous g\u00e9rons le tout pour vous!<\/p>\n<p>\u00a0<\/p>\n\n\t\t<\/div>\n\t\t\t\t\t<\/div>\n\n\t\n\n\t<div id=\"col-1482532635\" class=\"col small-12 large-12\"  >\n\t\t\t\t<div class=\"col-inner text-left\"  >\n\t\t\t\n\t\t\t\n\n<a href=\"https:\/\/lesconfectionsjoly.com\/nous-joindre\/\" class=\"button white is-outline\"  style=\"border-radius:99px;\">\n\t\t<span>Nous contacter<\/span>\n\t<\/a>\n\n\n\n\t\t<\/div>\n\t\t\t\t\t<\/div>\n\n\t\n\n<\/div>\n\n<\/div><\/div><\/div>\n\t<div id=\"gap-1905532267\" class=\"gap-element clearfix\" style=\"display:block; height:auto;\">\n\t\t\n<style>\n#gap-1905532267 {\n  padding-top: 50px;\n}\n<\/style>\n\t<\/div>\n\t\n\n<div class=\"container section-title-container\" ><h2 class=\"section-title section-title-normal\"><b><\/b><span class=\"section-title-main\" >Cat\u00e9gories<\/span><b><\/b><\/h2><\/div>\n\n\n  \n    <div class=\"row large-columns-4 medium-columns-3 small-columns-2 row-normal\" >\n  <div class=\"product-category col\" >\n            <div class=\"col-inner\">\n              <a aria-label=\"Acc\u00e9der \u00e0 la cat\u00e9gorie de produits Casquette\" href=\"https:\/\/lesconfectionsjoly.com\/demo\/cat\u00e9gorie%20de%20produit\/casquette\/\">                <div class=\"box box-category has-hover box-normal \">\n                <div class=\"box-image\" style=\"width:75%;\">\n                  <div class=\"\" >\n                  <img loading=\"lazy\" decoding=\"async\" src=\"https:\/\/lesconfectionsjoly.com\/demo\/wp-content\/uploads\/sites\/9\/2024\/02\/Chapeau-1.svg\" alt=\"Casquette\" width=\"300\" height=\"300\" \/>                                                      <\/div>\n                <\/div>\n                <div class=\"box-text text-center\" >\n                  <div class=\"box-text-inner\">\n                      <h5 class=\"uppercase header-title\">\n                              Casquette                      <\/h5>\n                                            <p class=\"is-xsmall uppercase count \">\n\t                      2 Produits                      <\/p>\n                                            \n                  <\/div>\n                <\/div>\n                <\/div>\n            <\/a>            <\/div>\n            <\/div><div class=\"product-category col\" >\n            <div class=\"col-inner\">\n              <a aria-label=\"Acc\u00e9der \u00e0 la cat\u00e9gorie de produits Manches courtes\" href=\"https:\/\/lesconfectionsjoly.com\/demo\/cat\u00e9gorie%20de%20produit\/manches-courtes\/\">                <div class=\"box box-category has-hover box-normal \">\n                <div class=\"box-image\" style=\"width:75%;\">\n                  <div class=\"\" >\n                  <img loading=\"lazy\" decoding=\"async\" src=\"https:\/\/lesconfectionsjoly.com\/demo\/wp-content\/uploads\/sites\/9\/2024\/02\/T-shirt-1.svg\" alt=\"Manches courtes\" width=\"300\" height=\"300\" \/>                                                      <\/div>\n                <\/div>\n                <div class=\"box-text text-center\" >\n                  <div class=\"box-text-inner\">\n                      <h5 class=\"uppercase header-title\">\n                              Manches courtes                      <\/h5>\n                                            <p class=\"is-xsmall uppercase count \">\n\t                      3 Produits                      <\/p>\n                                            \n                  <\/div>\n                <\/div>\n                <\/div>\n            <\/a>            <\/div>\n            <\/div><div class=\"product-category col\" >\n            <div class=\"col-inner\">\n              <a aria-label=\"Acc\u00e9der \u00e0 la cat\u00e9gorie de produits Manches longues\" href=\"https:\/\/lesconfectionsjoly.com\/demo\/cat\u00e9gorie%20de%20produit\/manches-longues\/\">                <div class=\"box box-category has-hover box-normal \">\n                <div class=\"box-image\" style=\"width:75%;\">\n                  <div class=\"\" >\n                  <img loading=\"lazy\" decoding=\"async\" src=\"https:\/\/lesconfectionsjoly.com\/demo\/wp-content\/uploads\/sites\/9\/2024\/02\/Chandail-ML-1.svg\" alt=\"Manches longues\" width=\"300\" height=\"300\" \/>                                                      <\/div>\n                <\/div>\n                <div class=\"box-text text-center\" >\n                  <div class=\"box-text-inner\">\n                      <h5 class=\"uppercase header-title\">\n                              Manches longues                      <\/h5>\n                                            <p class=\"is-xsmall uppercase count \">\n\t                      2 Produits                      <\/p>\n                                            \n                  <\/div>\n                <\/div>\n                <\/div>\n            <\/a>            <\/div>\n            <\/div><div class=\"product-category col\" >\n            <div class=\"col-inner\">\n              <a aria-label=\"Acc\u00e9der \u00e0 la cat\u00e9gorie de produits Coton ouat\u00e9\" href=\"https:\/\/lesconfectionsjoly.com\/demo\/cat\u00e9gorie%20de%20produit\/coton-ouate\/\">                <div class=\"box box-category has-hover box-normal \">\n                <div class=\"box-image\" style=\"width:75%;\">\n                  <div class=\"\" >\n                  <img loading=\"lazy\" decoding=\"async\" src=\"https:\/\/lesconfectionsjoly.com\/demo\/wp-content\/uploads\/sites\/9\/2024\/02\/Coton-ouate-1.svg\" alt=\"Coton ouat\u00e9\" width=\"300\" height=\"300\" \/>                                                      <\/div>\n                <\/div>\n                <div class=\"box-text text-center\" >\n                  <div class=\"box-text-inner\">\n                      <h5 class=\"uppercase header-title\">\n                              Coton ouat\u00e9                      <\/h5>\n                                            <p class=\"is-xsmall uppercase count \">\n\t                      7 Produits                      <\/p>\n                                            \n                  <\/div>\n                <\/div>\n                <\/div>\n            <\/a>            <\/div>\n            <\/div><div class=\"product-category col\" >\n            <div class=\"col-inner\">\n              <a aria-label=\"Acc\u00e9der \u00e0 la cat\u00e9gorie de produits Manteau\" href=\"https:\/\/lesconfectionsjoly.com\/demo\/cat\u00e9gorie%20de%20produit\/manteau\/\">                <div class=\"box box-category has-hover box-normal \">\n                <div class=\"box-image\" style=\"width:75%;\">\n                  <div class=\"\" >\n                  <img loading=\"lazy\" decoding=\"async\" src=\"https:\/\/lesconfectionsjoly.com\/demo\/wp-content\/uploads\/sites\/9\/2024\/02\/Manteau-1.svg\" alt=\"Manteau\" width=\"300\" height=\"300\" \/>                                                      <\/div>\n                <\/div>\n                <div class=\"box-text text-center\" >\n                  <div class=\"box-text-inner\">\n                      <h5 class=\"uppercase header-title\">\n                              Manteau                      <\/h5>\n                                            <p class=\"is-xsmall uppercase count \">\n\t                      1 Produit                      <\/p>\n                                            \n                  <\/div>\n                <\/div>\n                <\/div>\n            <\/a>            <\/div>\n            <\/div><div class=\"product-category col\" >\n            <div class=\"col-inner\">\n              <a aria-label=\"Acc\u00e9der \u00e0 la cat\u00e9gorie de produits Haute visibilit\u00e9\" href=\"https:\/\/lesconfectionsjoly.com\/demo\/cat\u00e9gorie%20de%20produit\/haute-visibilite\/\">                <div class=\"box box-category has-hover box-normal \">\n                <div class=\"box-image\" style=\"width:75%;\">\n                  <div class=\"\" >\n                  <img loading=\"lazy\" decoding=\"async\" src=\"https:\/\/lesconfectionsjoly.com\/demo\/wp-content\/uploads\/sites\/9\/2024\/02\/Dossard.svg\" alt=\"Haute visibilit\u00e9\" width=\"300\" height=\"300\" \/>                                                      <\/div>\n                <\/div>\n                <div class=\"box-text text-center\" >\n                  <div class=\"box-text-inner\">\n                      <h5 class=\"uppercase header-title\">\n                              Haute visibilit\u00e9                      <\/h5>\n                                            <p class=\"is-xsmall uppercase count \">\n\t                      8 Produits                      <\/p>\n                                            \n                  <\/div>\n                <\/div>\n                <\/div>\n            <\/a>            <\/div>\n            <\/div><div class=\"product-category col\" >\n            <div class=\"col-inner\">\n              <a aria-label=\"Acc\u00e9der \u00e0 la cat\u00e9gorie de produits Tout voir\" href=\"https:\/\/lesconfectionsjoly.com\/demo\/cat\u00e9gorie%20de%20produit\/tout-voir\/\">                <div class=\"box box-category has-hover box-normal \">\n                <div class=\"box-image\" style=\"width:75%;\">\n                  <div class=\"\" >\n                  <img loading=\"lazy\" decoding=\"async\" src=\"https:\/\/lesconfectionsjoly.com\/demo\/wp-content\/uploads\/sites\/9\/2024\/02\/Tout-voir.svg\" alt=\"Tout voir\" width=\"300\" height=\"300\" \/>                                                      <\/div>\n                <\/div>\n                <div class=\"box-text text-center\" >\n                  <div class=\"box-text-inner\">\n                      <h5 class=\"uppercase header-title\">\n                              Tout voir                      <\/h5>\n                                            <p class=\"is-xsmall uppercase count \">\n\t                      16 Produits                      <\/p>\n                                            \n                  <\/div>\n                <\/div>\n                <\/div>\n            <\/a>            <\/div>\n            <\/div><\/div>","protected":false},"excerpt":{"rendered":"","protected":false},"author":1112,"featured_media":0,"parent":0,"menu_order":0,"comment_status":"closed","ping_status":"closed","template":"","meta":{"_coblocks_attr":"","_coblocks_dimensions":"","_coblocks_responsive_height":"","_coblocks_accordion_ie_support":"","footnotes":""},"class_list":["post-22","page","type-page","status-publish","hentry"],"_links":{"self":[{"href":"https:\/\/lesconfectionsjoly.com\/demo\/wp-json\/wp\/v2\/pages\/22","targetHints":{"allow":["GET"]}}],"collection":[{"href":"https:\/\/lesconfectionsjoly.com\/demo\/wp-json\/wp\/v2\/pages"}],"about":[{"href":"https:\/\/lesconfectionsjoly.com\/demo\/wp-json\/wp\/v2\/types\/page"}],"author":[{"embeddable":true,"href":"https:\/\/lesconfectionsjoly.com\/demo\/wp-json\/wp\/v2\/users\/1112"}],"replies":[{"embeddable":true,"href":"https:\/\/lesconfectionsjoly.com\/demo\/wp-json\/wp\/v2\/comments?post=22"}],"version-history":[{"count":6,"href":"https:\/\/lesconfectionsjoly.com\/demo\/wp-json\/wp\/v2\/pages\/22\/revisions"}],"predecessor-version":[{"id":4321,"href":"https:\/\/lesconfectionsjoly.com\/demo\/wp-json\/wp\/v2\/pages\/22\/revisions\/4321"}],"wp:attachment":[{"href":"https:\/\/lesconfectionsjoly.com\/demo\/wp-json\/wp\/v2\/media?parent=22"}],"curies":[{"name":"wp","href":"https:\/\/api.w.org\/{rel}","templated":true}]}}