{"id":15,"date":"2024-02-08T14:15:20","date_gmt":"2024-02-08T13:15:20","guid":{"rendered":"https:\/\/lesconfectionsjoly.com\/demo\/?post_type=product&#038;p=15"},"modified":"2024-02-12T15:28:24","modified_gmt":"2024-02-12T14:28:24","slug":"t-shirt-logo-coeur","status":"publish","type":"product","link":"https:\/\/lesconfectionsjoly.com\/demo\/produit\/t-shirt-logo-coeur\/","title":{"rendered":"T-shirt logo coeur"},"content":{"rendered":"<p><a href=\"https:\/\/fr-ca.ssactivewear.com\/ShopNow\/ItemSpecSheet.aspx?ID=39&amp;ColorID=17130&amp;LanguageCode=fr\" target=\"_blank\" rel=\"noopener\">Charte de grandeur<\/a><\/p>\n","protected":false},"excerpt":{"rendered":"<ul>\n<li>10 oz, 100% coton pr\u00e9r\u00e9tr\u00e9ci<\/li>\n<li>Jersey pr\u00e9r\u00e9tr\u00e9ci<\/li>\n<li>Coupe r\u00e9guli\u00e8re<\/li>\n<\/ul>\n","protected":false},"featured_media":4040,"comment_status":"open","ping_status":"closed","template":"","meta":{"_coblocks_attr":"","_coblocks_dimensions":"","_coblocks_responsive_height":"","_coblocks_accordion_ie_support":""},"product_cat":[24,62],"product_tag":[],"class_list":{"0":"post-15","1":"product","2":"type-product","3":"status-publish","4":"has-post-thumbnail","6":"product_cat-manches-courtes","7":"product_cat-tout-voir","9":"first","10":"instock","11":"shipping-taxable","12":"purchasable","13":"product-type-variable"},"_links":{"self":[{"href":"https:\/\/lesconfectionsjoly.com\/demo\/wp-json\/wp\/v2\/product\/15","targetHints":{"allow":["GET"]}}],"collection":[{"href":"https:\/\/lesconfectionsjoly.com\/demo\/wp-json\/wp\/v2\/product"}],"about":[{"href":"https:\/\/lesconfectionsjoly.com\/demo\/wp-json\/wp\/v2\/types\/product"}],"replies":[{"embeddable":true,"href":"https:\/\/lesconfectionsjoly.com\/demo\/wp-json\/wp\/v2\/comments?post=15"}],"wp:featuredmedia":[{"embeddable":true,"href":"https:\/\/lesconfectionsjoly.com\/demo\/wp-json\/wp\/v2\/media\/4040"}],"wp:attachment":[{"href":"https:\/\/lesconfectionsjoly.com\/demo\/wp-json\/wp\/v2\/media?parent=15"}],"wp:term":[{"taxonomy":"product_cat","embeddable":true,"href":"https:\/\/lesconfectionsjoly.com\/demo\/wp-json\/wp\/v2\/product_cat?post=15"},{"taxonomy":"product_tag","embeddable":true,"href":"https:\/\/lesconfectionsjoly.com\/demo\/wp-json\/wp\/v2\/product_tag?post=15"}],"curies":[{"name":"wp","href":"https:\/\/api.w.org\/{rel}","templated":true}]}}