{"id":4276,"date":"2024-02-13T14:30:00","date_gmt":"2024-02-13T13:30:00","guid":{"rendered":"https:\/\/lesconfectionsjoly.com\/demo\/?post_type=product&#038;p=4276"},"modified":"2024-02-13T14:30:00","modified_gmt":"2024-02-13T13:30:00","slug":"coton-ouate-securite","status":"publish","type":"product","link":"https:\/\/lesconfectionsjoly.com\/demo\/produit\/coton-ouate-securite\/","title":{"rendered":"Coton ouat\u00e9 s\u00e9curit\u00e9"},"content":{"rendered":"","protected":false},"excerpt":{"rendered":"<ul>\n<li>Poche avant<\/li>\n<\/ul>\n","protected":false},"featured_media":4275,"comment_status":"open","ping_status":"closed","template":"","meta":{"_coblocks_attr":"","_coblocks_dimensions":"","_coblocks_responsive_height":"","_coblocks_accordion_ie_support":""},"product_cat":[26,66,62],"product_tag":[],"class_list":{"0":"post-4276","1":"product","2":"type-product","3":"status-publish","4":"has-post-thumbnail","6":"product_cat-coton-ouate","7":"product_cat-haute-visibilite","8":"product_cat-tout-voir","10":"first","11":"instock","12":"shipping-taxable","13":"purchasable","14":"product-type-variable"},"_links":{"self":[{"href":"https:\/\/lesconfectionsjoly.com\/demo\/wp-json\/wp\/v2\/product\/4276","targetHints":{"allow":["GET"]}}],"collection":[{"href":"https:\/\/lesconfectionsjoly.com\/demo\/wp-json\/wp\/v2\/product"}],"about":[{"href":"https:\/\/lesconfectionsjoly.com\/demo\/wp-json\/wp\/v2\/types\/product"}],"replies":[{"embeddable":true,"href":"https:\/\/lesconfectionsjoly.com\/demo\/wp-json\/wp\/v2\/comments?post=4276"}],"wp:featuredmedia":[{"embeddable":true,"href":"https:\/\/lesconfectionsjoly.com\/demo\/wp-json\/wp\/v2\/media\/4275"}],"wp:attachment":[{"href":"https:\/\/lesconfectionsjoly.com\/demo\/wp-json\/wp\/v2\/media?parent=4276"}],"wp:term":[{"taxonomy":"product_cat","embeddable":true,"href":"https:\/\/lesconfectionsjoly.com\/demo\/wp-json\/wp\/v2\/product_cat?post=4276"},{"taxonomy":"product_tag","embeddable":true,"href":"https:\/\/lesconfectionsjoly.com\/demo\/wp-json\/wp\/v2\/product_tag?post=4276"}],"curies":[{"name":"wp","href":"https:\/\/api.w.org\/{rel}","templated":true}]}}