{"id":4345,"date":"2024-02-13T17:34:57","date_gmt":"2024-02-13T16:34:57","guid":{"rendered":"https:\/\/lesconfectionsjoly.com\/demo\/?post_type=product&#038;p=4345"},"modified":"2024-02-13T17:34:57","modified_gmt":"2024-02-13T16:34:57","slug":"dossard-mesh-superviseur","status":"publish","type":"product","link":"https:\/\/lesconfectionsjoly.com\/demo\/produit\/dossard-mesh-superviseur\/","title":{"rendered":"Dossard mesh superviseur"},"content":{"rendered":"","protected":false},"excerpt":{"rendered":"<ul>\n<li>Fermeture \u00e9clair avant \u00e0 double sens<\/li>\n<li>5 poches avant plus<\/li>\n<li>Poche pour carte d&rsquo;identit\u00e9,<\/li>\n<li>C\u00f4t\u00e9s r\u00e9glables et rabattable<\/li>\n<li>Dos pour une ventilation en maille d&rsquo;air frais<\/li>\n<\/ul>\n","protected":false},"featured_media":4343,"comment_status":"open","ping_status":"closed","template":"","meta":{"_coblocks_attr":"","_coblocks_dimensions":"","_coblocks_responsive_height":"","_coblocks_accordion_ie_support":""},"product_cat":[66,62],"product_tag":[],"class_list":{"0":"post-4345","1":"product","2":"type-product","3":"status-publish","4":"has-post-thumbnail","6":"product_cat-haute-visibilite","7":"product_cat-tout-voir","9":"first","10":"instock","11":"shipping-taxable","12":"purchasable","13":"product-type-variable"},"_links":{"self":[{"href":"https:\/\/lesconfectionsjoly.com\/demo\/wp-json\/wp\/v2\/product\/4345","targetHints":{"allow":["GET"]}}],"collection":[{"href":"https:\/\/lesconfectionsjoly.com\/demo\/wp-json\/wp\/v2\/product"}],"about":[{"href":"https:\/\/lesconfectionsjoly.com\/demo\/wp-json\/wp\/v2\/types\/product"}],"replies":[{"embeddable":true,"href":"https:\/\/lesconfectionsjoly.com\/demo\/wp-json\/wp\/v2\/comments?post=4345"}],"wp:featuredmedia":[{"embeddable":true,"href":"https:\/\/lesconfectionsjoly.com\/demo\/wp-json\/wp\/v2\/media\/4343"}],"wp:attachment":[{"href":"https:\/\/lesconfectionsjoly.com\/demo\/wp-json\/wp\/v2\/media?parent=4345"}],"wp:term":[{"taxonomy":"product_cat","embeddable":true,"href":"https:\/\/lesconfectionsjoly.com\/demo\/wp-json\/wp\/v2\/product_cat?post=4345"},{"taxonomy":"product_tag","embeddable":true,"href":"https:\/\/lesconfectionsjoly.com\/demo\/wp-json\/wp\/v2\/product_tag?post=4345"}],"curies":[{"name":"wp","href":"https:\/\/api.w.org\/{rel}","templated":true}]}}