{"id":3893,"date":"2024-01-25T14:38:45","date_gmt":"2024-01-25T19:38:45","guid":{"rendered":"https:\/\/lesconfectionsjoly.com\/dtf\/"},"modified":"2024-01-25T14:50:39","modified_gmt":"2024-01-25T19:50:39","slug":"dtf","status":"publish","type":"page","link":"https:\/\/lesconfectionsjoly.com\/en\/dtf\/","title":{"rendered":"DTF"},"content":{"rendered":"<div class=\"container section-title-container\" ><h3 class=\"section-title section-title-bold-center\"><b><\/b><span class=\"section-title-main\" >DTF<\/span><b><\/b><\/h3><\/div>\n\n<div>This method offers a modern and versatile alternative for printing logos, images or designs on different types of textiles, such as t-shirts, hoodies, caps and other clothing.<\/div>\r\n<div><\/div>\r\n<div>This technique is very similar to screen printing in terms of texture and it is just as durable!<\/div>\r\n<div><\/div>\r\n<div><strong>Situation in which DTF is advantageous:<\/strong><\/div>\r\n<ul>\r\n \t<li>When your logo has several colors (+4)<\/li>\r\n \t<li>For small quantities (-50)<\/li>\r\n \t<li>When your logo has small details<\/li>\r\n<\/ul>\r\nWhen it comes to colors, the possibilities are vast. We have the capacity to print your logos without color limits and without additional costs for additional colors (unlike screen printing).\r\n\r\n\t<div id=\"gap-489243571\" class=\"gap-element clearfix\" style=\"display:block; height:auto;\">\n\t\t\n<style>\n#gap-489243571 {\n  padding-top: 30px;\n}\n<\/style>\n\t<\/div>\n\t\r\n\r\n  <div class=\"banner-grid-wrapper\">\n  <div id=\"banner-grid-1258818276\" class=\"banner-grid row row-grid row-small\" data-packery-options=\"\">\n                      \r\n\r\n<div class=\"col grid-col large-6 grid-col-1-2\" ><div class=\"col-inner\">\n\n\t<div class=\"img has-hover x md-x lg-x y md-y lg-y\" id=\"image_1658455379\">\n\t\t\t\t\t\t\t\t<div class=\"img-inner dark\" >\n\t\t\t<img loading=\"lazy\" decoding=\"async\" width=\"1020\" height=\"678\" src=\"https:\/\/lesconfectionsjoly.com\/wp-content\/uploads\/2024\/01\/IMG_20240118_101918_WEB30-1203x800.jpg\" class=\"attachment-large size-large\" alt=\"Photo d&#039;une machine \u00e0 DTF\" srcset=\"https:\/\/lesconfectionsjoly.com\/wp-content\/uploads\/2024\/01\/IMG_20240118_101918_WEB30-1203x800.jpg 1203w, https:\/\/lesconfectionsjoly.com\/wp-content\/uploads\/2024\/01\/IMG_20240118_101918_WEB30-scaled-510x339.jpg 510w, https:\/\/lesconfectionsjoly.com\/wp-content\/uploads\/2024\/01\/IMG_20240118_101918_WEB30-601x400.jpg 601w, https:\/\/lesconfectionsjoly.com\/wp-content\/uploads\/2024\/01\/IMG_20240118_101918_WEB30-768x511.jpg 768w, https:\/\/lesconfectionsjoly.com\/wp-content\/uploads\/2024\/01\/IMG_20240118_101918_WEB30-1536x1022.jpg 1536w, https:\/\/lesconfectionsjoly.com\/wp-content\/uploads\/2024\/01\/IMG_20240118_101918_WEB30-2048x1362.jpg 2048w, https:\/\/lesconfectionsjoly.com\/wp-content\/uploads\/2024\/01\/IMG_20240118_101918_WEB30-scaled.jpg 2000w\" sizes=\"auto, (max-width: 1020px) 100vw, 1020px\" \/>\t\t\t\t\t\t\n\t\t\t\t\t<\/div>\n\t\t\t\t\t\t\t\t\n<style>\n#image_1658455379 {\n  width: 100%;\n}\n<\/style>\n\t<\/div>\n\t\n\n\n<\/div><\/div>\r\n<div class=\"col grid-col large-3 grid-col-1-2\" ><div class=\"col-inner\">\n\n\t<div class=\"img has-hover x md-x lg-x y md-y lg-y\" id=\"image_679488329\">\n\t\t\t\t\t\t\t\t<div class=\"img-inner dark\" >\n\t\t\t<img loading=\"lazy\" decoding=\"async\" width=\"800\" height=\"800\" src=\"https:\/\/lesconfectionsjoly.com\/wp-content\/uploads\/2024\/01\/IMG_20230530_095403_WEB30-800x800.jpg\" class=\"attachment-large size-large\" alt=\"Dossard de couleur jaune fluo avec le logo de la municipalit\u00e9 de Saint-Antoine-de-Tilly\" srcset=\"https:\/\/lesconfectionsjoly.com\/wp-content\/uploads\/2024\/01\/IMG_20230530_095403_WEB30-800x800.jpg 800w, https:\/\/lesconfectionsjoly.com\/wp-content\/uploads\/2024\/01\/IMG_20230530_095403_WEB30-scaled-100x100.jpg 100w, https:\/\/lesconfectionsjoly.com\/wp-content\/uploads\/2024\/01\/IMG_20230530_095403_WEB30-scaled-510x510.jpg 510w, https:\/\/lesconfectionsjoly.com\/wp-content\/uploads\/2024\/01\/IMG_20230530_095403_WEB30-400x400.jpg 400w, https:\/\/lesconfectionsjoly.com\/wp-content\/uploads\/2024\/01\/IMG_20230530_095403_WEB30-280x280.jpg 280w, https:\/\/lesconfectionsjoly.com\/wp-content\/uploads\/2024\/01\/IMG_20230530_095403_WEB30-768x768.jpg 768w, https:\/\/lesconfectionsjoly.com\/wp-content\/uploads\/2024\/01\/IMG_20230530_095403_WEB30-1536x1536.jpg 1536w, https:\/\/lesconfectionsjoly.com\/wp-content\/uploads\/2024\/01\/IMG_20230530_095403_WEB30-2048x2048.jpg 2048w, https:\/\/lesconfectionsjoly.com\/wp-content\/uploads\/2024\/01\/IMG_20230530_095403_WEB30-scaled.jpg 2000w\" sizes=\"auto, (max-width: 800px) 100vw, 800px\" \/>\t\t\t\t\t\t\n\t\t\t\t\t<\/div>\n\t\t\t\t\t\t\t\t\n<style>\n#image_679488329 {\n  width: 100%;\n}\n<\/style>\n\t<\/div>\n\t\n\n\n<\/div><\/div>\r\n<div class=\"col grid-col large-3 grid-col-1-2\" ><div class=\"col-inner\">\n\n\t<div class=\"img has-hover x md-x lg-x y md-y lg-y\" id=\"image_533970476\">\n\t\t\t\t\t\t\t\t<div class=\"img-inner dark\" >\n\t\t\t<img loading=\"lazy\" decoding=\"async\" width=\"800\" height=\"800\" src=\"https:\/\/lesconfectionsjoly.com\/wp-content\/uploads\/2024\/01\/IMG_20230530_095420_WEB30-800x800.jpg\" class=\"attachment-large size-large\" alt=\"Dossard de haute visibilit\u00e9 avec le mot B\u00e9n\u00e9vole \u00e9crit au bas du dos\" srcset=\"https:\/\/lesconfectionsjoly.com\/wp-content\/uploads\/2024\/01\/IMG_20230530_095420_WEB30-800x800.jpg 800w, https:\/\/lesconfectionsjoly.com\/wp-content\/uploads\/2024\/01\/IMG_20230530_095420_WEB30-scaled-100x100.jpg 100w, https:\/\/lesconfectionsjoly.com\/wp-content\/uploads\/2024\/01\/IMG_20230530_095420_WEB30-scaled-510x510.jpg 510w, https:\/\/lesconfectionsjoly.com\/wp-content\/uploads\/2024\/01\/IMG_20230530_095420_WEB30-400x400.jpg 400w, https:\/\/lesconfectionsjoly.com\/wp-content\/uploads\/2024\/01\/IMG_20230530_095420_WEB30-280x280.jpg 280w, https:\/\/lesconfectionsjoly.com\/wp-content\/uploads\/2024\/01\/IMG_20230530_095420_WEB30-768x768.jpg 768w, https:\/\/lesconfectionsjoly.com\/wp-content\/uploads\/2024\/01\/IMG_20230530_095420_WEB30-1536x1536.jpg 1536w, https:\/\/lesconfectionsjoly.com\/wp-content\/uploads\/2024\/01\/IMG_20230530_095420_WEB30-2048x2048.jpg 2048w, https:\/\/lesconfectionsjoly.com\/wp-content\/uploads\/2024\/01\/IMG_20230530_095420_WEB30-scaled.jpg 2000w\" sizes=\"auto, (max-width: 800px) 100vw, 800px\" \/>\t\t\t\t\t\t\n\t\t\t\t\t<\/div>\n\t\t\t\t\t\t\t\t\n<style>\n#image_533970476 {\n  width: 100%;\n}\n<\/style>\n\t<\/div>\n\t\n\n\n<\/div><\/div>\r\n<div class=\"col grid-col large-3 grid-col-1-2\" ><div class=\"col-inner\">\n\n\t<div class=\"img has-hover x md-x lg-x y md-y lg-y\" id=\"image_198170842\">\n\t\t\t\t\t\t\t\t<div class=\"img-inner dark\" >\n\t\t\t<img loading=\"lazy\" decoding=\"async\" width=\"800\" height=\"800\" src=\"https:\/\/lesconfectionsjoly.com\/wp-content\/uploads\/2024\/01\/IMG_20230523_143551_WEB30-800x800.jpg\" class=\"attachment-large size-large\" alt=\"T-shirt haute visibilit\u00e9 pour la municipalit\u00e9 de Saint-Janvier-de-Joly\" srcset=\"https:\/\/lesconfectionsjoly.com\/wp-content\/uploads\/2024\/01\/IMG_20230523_143551_WEB30-800x800.jpg 800w, https:\/\/lesconfectionsjoly.com\/wp-content\/uploads\/2024\/01\/IMG_20230523_143551_WEB30-scaled-100x100.jpg 100w, https:\/\/lesconfectionsjoly.com\/wp-content\/uploads\/2024\/01\/IMG_20230523_143551_WEB30-scaled-510x510.jpg 510w, https:\/\/lesconfectionsjoly.com\/wp-content\/uploads\/2024\/01\/IMG_20230523_143551_WEB30-400x400.jpg 400w, https:\/\/lesconfectionsjoly.com\/wp-content\/uploads\/2024\/01\/IMG_20230523_143551_WEB30-280x280.jpg 280w, https:\/\/lesconfectionsjoly.com\/wp-content\/uploads\/2024\/01\/IMG_20230523_143551_WEB30-768x768.jpg 768w, https:\/\/lesconfectionsjoly.com\/wp-content\/uploads\/2024\/01\/IMG_20230523_143551_WEB30-1536x1536.jpg 1536w, https:\/\/lesconfectionsjoly.com\/wp-content\/uploads\/2024\/01\/IMG_20230523_143551_WEB30-2048x2048.jpg 2048w, https:\/\/lesconfectionsjoly.com\/wp-content\/uploads\/2024\/01\/IMG_20230523_143551_WEB30-scaled.jpg 2000w\" sizes=\"auto, (max-width: 800px) 100vw, 800px\" \/>\t\t\t\t\t\t\n\t\t\t\t\t<\/div>\n\t\t\t\t\t\t\t\t\n<style>\n#image_198170842 {\n  width: 100%;\n}\n<\/style>\n\t<\/div>\n\t\n\n\n<\/div><\/div>\r\n<div class=\"col grid-col large-3 grid-col-1-2\" ><div class=\"col-inner\">\n\n\t<div class=\"img has-hover x md-x lg-x y md-y lg-y\" id=\"image_1234917339\">\n\t\t\t\t\t\t\t\t<div class=\"img-inner dark\" >\n\t\t\t<img loading=\"lazy\" decoding=\"async\" width=\"457\" height=\"800\" src=\"https:\/\/lesconfectionsjoly.com\/wp-content\/uploads\/2023\/12\/IMG_20211217_092008_WEB30-457x800.jpg\" class=\"attachment-large size-large\" alt=\"Casquette noir avec le logo de l&#039;entreprise R.N. Samson\" srcset=\"https:\/\/lesconfectionsjoly.com\/wp-content\/uploads\/2023\/12\/IMG_20211217_092008_WEB30-457x800.jpg 457w, https:\/\/lesconfectionsjoly.com\/wp-content\/uploads\/2023\/12\/IMG_20211217_092008_WEB30-scaled-510x892.jpg 510w, https:\/\/lesconfectionsjoly.com\/wp-content\/uploads\/2023\/12\/IMG_20211217_092008_WEB30-229x400.jpg 229w, https:\/\/lesconfectionsjoly.com\/wp-content\/uploads\/2023\/12\/IMG_20211217_092008_WEB30-768x1344.jpg 768w, https:\/\/lesconfectionsjoly.com\/wp-content\/uploads\/2023\/12\/IMG_20211217_092008_WEB30-878x1536.jpg 878w, https:\/\/lesconfectionsjoly.com\/wp-content\/uploads\/2023\/12\/IMG_20211217_092008_WEB30-1170x2048.jpg 1170w, https:\/\/lesconfectionsjoly.com\/wp-content\/uploads\/2023\/12\/IMG_20211217_092008_WEB30-scaled.jpg 1143w\" sizes=\"auto, (max-width: 457px) 100vw, 457px\" \/>\t\t\t\t\t\t\n\t\t\t\t\t<\/div>\n\t\t\t\t\t\t\t\t\n<style>\n#image_1234917339 {\n  width: 88%;\n}\n<\/style>\n\t<\/div>\n\t\n\n\n<\/div><\/div>\r\n<div class=\"col grid-col large-3 grid-col-1-2\" ><div class=\"col-inner\">\n\n\t<div class=\"img has-hover x md-x lg-x y md-y lg-y\" id=\"image_1253851879\">\n\t\t\t\t\t\t\t\t<div class=\"img-inner dark\" >\n\t\t\t<img loading=\"lazy\" decoding=\"async\" width=\"800\" height=\"800\" src=\"https:\/\/lesconfectionsjoly.com\/wp-content\/uploads\/2024\/01\/IMG_20230426_090846_WEB30-800x800.jpg\" class=\"attachment-large size-large\" alt=\"T-shirt avec le logo au coeur du Lave-Auto Daniel Paquet\" srcset=\"https:\/\/lesconfectionsjoly.com\/wp-content\/uploads\/2024\/01\/IMG_20230426_090846_WEB30-800x800.jpg 800w, https:\/\/lesconfectionsjoly.com\/wp-content\/uploads\/2024\/01\/IMG_20230426_090846_WEB30-scaled-100x100.jpg 100w, https:\/\/lesconfectionsjoly.com\/wp-content\/uploads\/2024\/01\/IMG_20230426_090846_WEB30-scaled-510x510.jpg 510w, https:\/\/lesconfectionsjoly.com\/wp-content\/uploads\/2024\/01\/IMG_20230426_090846_WEB30-400x400.jpg 400w, https:\/\/lesconfectionsjoly.com\/wp-content\/uploads\/2024\/01\/IMG_20230426_090846_WEB30-280x280.jpg 280w, https:\/\/lesconfectionsjoly.com\/wp-content\/uploads\/2024\/01\/IMG_20230426_090846_WEB30-768x768.jpg 768w, https:\/\/lesconfectionsjoly.com\/wp-content\/uploads\/2024\/01\/IMG_20230426_090846_WEB30-1536x1536.jpg 1536w, https:\/\/lesconfectionsjoly.com\/wp-content\/uploads\/2024\/01\/IMG_20230426_090846_WEB30-2048x2048.jpg 2048w, https:\/\/lesconfectionsjoly.com\/wp-content\/uploads\/2024\/01\/IMG_20230426_090846_WEB30-scaled.jpg 2000w\" sizes=\"auto, (max-width: 800px) 100vw, 800px\" \/>\t\t\t\t\t\t\n\t\t\t\t\t<\/div>\n\t\t\t\t\t\t\t\t\n<style>\n#image_1253851879 {\n  width: 100%;\n}\n<\/style>\n\t<\/div>\n\t\n\n\n<\/div><\/div>\r\n<div class=\"col grid-col large-3 grid-col-1-2\" ><div class=\"col-inner\">\n\n\t<div class=\"img has-hover x md-x lg-x y md-y lg-y\" id=\"image_139283343\">\n\t\t\t\t\t\t\t\t<div class=\"img-inner dark\" >\n\t\t\t<img loading=\"lazy\" decoding=\"async\" width=\"800\" height=\"800\" src=\"https:\/\/lesconfectionsjoly.com\/wp-content\/uploads\/2024\/01\/IMG_20230426_090914_WEB30-800x800.jpg\" class=\"attachment-large size-large\" alt=\"T-shirt avec le logo au dos du Lave-Auto Daniel Paquet\" srcset=\"https:\/\/lesconfectionsjoly.com\/wp-content\/uploads\/2024\/01\/IMG_20230426_090914_WEB30-800x800.jpg 800w, https:\/\/lesconfectionsjoly.com\/wp-content\/uploads\/2024\/01\/IMG_20230426_090914_WEB30-scaled-100x100.jpg 100w, https:\/\/lesconfectionsjoly.com\/wp-content\/uploads\/2024\/01\/IMG_20230426_090914_WEB30-scaled-510x510.jpg 510w, https:\/\/lesconfectionsjoly.com\/wp-content\/uploads\/2024\/01\/IMG_20230426_090914_WEB30-400x400.jpg 400w, https:\/\/lesconfectionsjoly.com\/wp-content\/uploads\/2024\/01\/IMG_20230426_090914_WEB30-280x280.jpg 280w, https:\/\/lesconfectionsjoly.com\/wp-content\/uploads\/2024\/01\/IMG_20230426_090914_WEB30-768x768.jpg 768w, https:\/\/lesconfectionsjoly.com\/wp-content\/uploads\/2024\/01\/IMG_20230426_090914_WEB30-1536x1536.jpg 1536w, https:\/\/lesconfectionsjoly.com\/wp-content\/uploads\/2024\/01\/IMG_20230426_090914_WEB30-2048x2048.jpg 2048w, https:\/\/lesconfectionsjoly.com\/wp-content\/uploads\/2024\/01\/IMG_20230426_090914_WEB30-scaled.jpg 2000w\" sizes=\"auto, (max-width: 800px) 100vw, 800px\" \/>\t\t\t\t\t\t\n\t\t\t\t\t<\/div>\n\t\t\t\t\t\t\t\t\n<style>\n#image_139283343 {\n  width: 100%;\n}\n<\/style>\n\t<\/div>\n\t\n\n\n<\/div><\/div>\r\n\r\n            <\/div>\n    <style>\n    #banner-grid-1258818276 .grid-col-1{height: 600px}\n    #banner-grid-1258818276 .grid-col-1-2{height: 300px}\n    #banner-grid-1258818276 .grid-col-1-3{height:200px}\n    #banner-grid-1258818276 .grid-col-2-3{height: 400px}\n    #banner-grid-1258818276 .grid-col-1-4{height: 150px}\n    #banner-grid-1258818276 .grid-col-3-4{height: 450px}\n\n\n    \n    \n\n  <\/style>\n    <\/div>\n  ","protected":false},"excerpt":{"rendered":"","protected":false},"author":3,"featured_media":0,"parent":0,"menu_order":0,"comment_status":"closed","ping_status":"closed","template":"","meta":{"_coblocks_attr":"","_coblocks_dimensions":"","_coblocks_responsive_height":"","_coblocks_accordion_ie_support":"","footnotes":""},"class_list":["post-3893","page","type-page","status-publish","hentry"],"_links":{"self":[{"href":"https:\/\/lesconfectionsjoly.com\/en\/wp-json\/wp\/v2\/pages\/3893","targetHints":{"allow":["GET"]}}],"collection":[{"href":"https:\/\/lesconfectionsjoly.com\/en\/wp-json\/wp\/v2\/pages"}],"about":[{"href":"https:\/\/lesconfectionsjoly.com\/en\/wp-json\/wp\/v2\/types\/page"}],"author":[{"embeddable":true,"href":"https:\/\/lesconfectionsjoly.com\/en\/wp-json\/wp\/v2\/users\/3"}],"replies":[{"embeddable":true,"href":"https:\/\/lesconfectionsjoly.com\/en\/wp-json\/wp\/v2\/comments?post=3893"}],"version-history":[{"count":5,"href":"https:\/\/lesconfectionsjoly.com\/en\/wp-json\/wp\/v2\/pages\/3893\/revisions"}],"predecessor-version":[{"id":3902,"href":"https:\/\/lesconfectionsjoly.com\/en\/wp-json\/wp\/v2\/pages\/3893\/revisions\/3902"}],"wp:attachment":[{"href":"https:\/\/lesconfectionsjoly.com\/en\/wp-json\/wp\/v2\/media?parent=3893"}],"curies":[{"name":"wp","href":"https:\/\/api.w.org\/{rel}","templated":true}]}}