{"id":1044,"date":"2021-05-27T16:31:01","date_gmt":"2021-05-27T16:31:01","guid":{"rendered":"http:\/\/conceptbureau.canibuy.ca\/?page_id=1044"},"modified":"2024-02-23T07:12:26","modified_gmt":"2024-02-23T12:12:26","slug":"track-your-order","status":"publish","type":"page","link":"https:\/\/lesconfectionsjoly.com\/heartbeatcountry?page_id=1044","title":{"rendered":"Suivre votre commande"},"content":{"rendered":"<p><strong>Veuillez vous assurer de la livraison s\u00e9lectionn\u00e9 puisqu&rsquo;il y a aussi l&rsquo;option de r\u00e9cup\u00e9rer la commande sur place.<\/strong><\/p>\n<p><span style=\"font-size: 100%;\">Pour suivre la livraison, vous devez utiliser votre num\u00e9ro de suivi.<\/span><br \/><span style=\"font-size: 100%;\">Vos items seront livr\u00e9 par Dicom.<\/span><\/p>\n\t<div id=\"gap-873203620\" class=\"gap-element clearfix\" style=\"display:block; height:auto;\">\n\t\t\n<style>\n#gap-873203620 {\n  padding-top: 30px;\n}\n<\/style>\n\t<\/div>\n\t\n\n<a href=\"https:\/\/www.gls-canada.com\/fr\/dicom\/suivi\" target=\"_blank\" class=\"button primary is-outline\" rel=\"noopener\"  >\n\t\t<span>Suivre la livraison<\/span>\n\t<\/a>\n","protected":false},"excerpt":{"rendered":"","protected":false},"author":3,"featured_media":0,"parent":0,"menu_order":0,"comment_status":"closed","ping_status":"closed","template":"page-my-account.php","meta":{"_coblocks_attr":"","_coblocks_dimensions":"","_coblocks_responsive_height":"","_coblocks_accordion_ie_support":"","footnotes":""},"class_list":["post-1044","page","type-page","status-publish","hentry"],"_links":{"self":[{"href":"https:\/\/lesconfectionsjoly.com\/heartbeatcountry\/index.php?rest_route=\/wp\/v2\/pages\/1044","targetHints":{"allow":["GET"]}}],"collection":[{"href":"https:\/\/lesconfectionsjoly.com\/heartbeatcountry\/index.php?rest_route=\/wp\/v2\/pages"}],"about":[{"href":"https:\/\/lesconfectionsjoly.com\/heartbeatcountry\/index.php?rest_route=\/wp\/v2\/types\/page"}],"author":[{"embeddable":true,"href":"https:\/\/lesconfectionsjoly.com\/heartbeatcountry\/index.php?rest_route=\/wp\/v2\/users\/3"}],"replies":[{"embeddable":true,"href":"https:\/\/lesconfectionsjoly.com\/heartbeatcountry\/index.php?rest_route=%2Fwp%2Fv2%2Fcomments&post=1044"}],"version-history":[{"count":4,"href":"https:\/\/lesconfectionsjoly.com\/heartbeatcountry\/index.php?rest_route=\/wp\/v2\/pages\/1044\/revisions"}],"predecessor-version":[{"id":4570,"href":"https:\/\/lesconfectionsjoly.com\/heartbeatcountry\/index.php?rest_route=\/wp\/v2\/pages\/1044\/revisions\/4570"}],"wp:attachment":[{"href":"https:\/\/lesconfectionsjoly.com\/heartbeatcountry\/index.php?rest_route=%2Fwp%2Fv2%2Fmedia&parent=1044"}],"curies":[{"name":"wp","href":"https:\/\/api.w.org\/{rel}","templated":true}]}}