{"id":14525,"date":"2026-05-05T14:01:50","date_gmt":"2026-05-05T18:01:50","guid":{"rendered":"https:\/\/lesconfectionsjoly.com\/maxi-drain\/?product=atcf2600"},"modified":"2026-05-05T14:03:49","modified_gmt":"2026-05-05T18:03:49","slug":"atcf2600","status":"publish","type":"product","link":"https:\/\/lesconfectionsjoly.com\/maxi-drain\/?product=atcf2600","title":{"rendered":"ATCF2600"},"content":{"rendered":"<p><a href=\"https:\/\/media.sanmarcanada.com\/pdfs\/french\/ATCF2600.pdf\" target=\"_blank\" rel=\"noopener\">Voir la charte de grandeur<\/a><\/p>\n","protected":false},"excerpt":{"rendered":"<p><strong>DTF<\/strong><\/p>\n<p>50\/50 coton\/polyester<br \/>\nFils compress\u00e9s pour minimiser le r\u00e9tr\u00e9cissement<br \/>\nCapuchon doubl\u00e9 avec cordon<br \/>\nAnti-boulochage<br \/>\nFermeture \u00e0 glissi\u00e8re YKK<br \/>\nCoupe classique<\/p>\n","protected":false},"featured_media":13627,"template":"","meta":{"_coblocks_attr":"","_coblocks_dimensions":"","_coblocks_responsive_height":"","_coblocks_accordion_ie_support":""},"product_cat":[31],"product_tag":[],"class_list":{"0":"post-14525","1":"product","2":"type-product","3":"status-publish","4":"has-post-thumbnail","6":"product_cat-cotons-ouates","8":"first","9":"instock","10":"taxable","11":"shipping-taxable","12":"purchasable","13":"product-type-variable"},"_links":{"self":[{"href":"https:\/\/lesconfectionsjoly.com\/maxi-drain\/index.php?rest_route=\/wp\/v2\/product\/14525","targetHints":{"allow":["GET"]}}],"collection":[{"href":"https:\/\/lesconfectionsjoly.com\/maxi-drain\/index.php?rest_route=\/wp\/v2\/product"}],"about":[{"href":"https:\/\/lesconfectionsjoly.com\/maxi-drain\/index.php?rest_route=\/wp\/v2\/types\/product"}],"wp:featuredmedia":[{"embeddable":true,"href":"https:\/\/lesconfectionsjoly.com\/maxi-drain\/index.php?rest_route=\/wp\/v2\/media\/13627"}],"wp:attachment":[{"href":"https:\/\/lesconfectionsjoly.com\/maxi-drain\/index.php?rest_route=%2Fwp%2Fv2%2Fmedia&parent=14525"}],"wp:term":[{"taxonomy":"product_cat","embeddable":true,"href":"https:\/\/lesconfectionsjoly.com\/maxi-drain\/index.php?rest_route=%2Fwp%2Fv2%2Fproduct_cat&post=14525"},{"taxonomy":"product_tag","embeddable":true,"href":"https:\/\/lesconfectionsjoly.com\/maxi-drain\/index.php?rest_route=%2Fwp%2Fv2%2Fproduct_tag&post=14525"}],"curies":[{"name":"wp","href":"https:\/\/api.w.org\/{rel}","templated":true}]}}