{"id":14760,"date":"2026-05-05T14:01:47","date_gmt":"2026-05-05T18:01:47","guid":{"rendered":"https:\/\/lesconfectionsjoly.com\/maxi-drain\/?product=mqo00085"},"modified":"2026-05-05T14:03:49","modified_gmt":"2026-05-05T18:03:49","slug":"mqo00085","status":"publish","type":"product","link":"https:\/\/lesconfectionsjoly.com\/maxi-drain\/?product=mqo00085","title":{"rendered":"MQO00085"},"content":{"rendered":"<p><a href=\"https:\/\/cutterbuck.ca\/fit-size-chart\/\" target=\"_blank\">Voir la charte de grandeur<\/a><\/p>\n","protected":false},"excerpt":{"rendered":"<p><strong>Broderie<\/strong><\/p>\n<p>Softshell<br \/>\n96 % polyester recycl\u00e9, 4 % \u00e9lasthanne<br \/>\nImperm\u00e9able<br \/>\nFinition d\u00e9perlante<br \/>\nCouche en polaire souple<br \/>\nFermeture \u00e9clair de couleur contrast\u00e9e sur toute la longueur avec poches zipp\u00e9es s\u00e9curis\u00e9es<\/p>\n","protected":false},"featured_media":13643,"template":"","meta":{"_coblocks_attr":"","_coblocks_dimensions":"","_coblocks_responsive_height":"","_coblocks_accordion_ie_support":""},"product_cat":[125],"product_tag":[],"class_list":{"0":"post-14760","1":"product","2":"type-product","3":"status-publish","4":"has-post-thumbnail","6":"product_cat-manteaux","8":"first","9":"instock","10":"taxable","11":"shipping-taxable","12":"purchasable","13":"product-type-variable"},"_links":{"self":[{"href":"https:\/\/lesconfectionsjoly.com\/maxi-drain\/index.php?rest_route=\/wp\/v2\/product\/14760","targetHints":{"allow":["GET"]}}],"collection":[{"href":"https:\/\/lesconfectionsjoly.com\/maxi-drain\/index.php?rest_route=\/wp\/v2\/product"}],"about":[{"href":"https:\/\/lesconfectionsjoly.com\/maxi-drain\/index.php?rest_route=\/wp\/v2\/types\/product"}],"wp:featuredmedia":[{"embeddable":true,"href":"https:\/\/lesconfectionsjoly.com\/maxi-drain\/index.php?rest_route=\/wp\/v2\/media\/13643"}],"wp:attachment":[{"href":"https:\/\/lesconfectionsjoly.com\/maxi-drain\/index.php?rest_route=%2Fwp%2Fv2%2Fmedia&parent=14760"}],"wp:term":[{"taxonomy":"product_cat","embeddable":true,"href":"https:\/\/lesconfectionsjoly.com\/maxi-drain\/index.php?rest_route=%2Fwp%2Fv2%2Fproduct_cat&post=14760"},{"taxonomy":"product_tag","embeddable":true,"href":"https:\/\/lesconfectionsjoly.com\/maxi-drain\/index.php?rest_route=%2Fwp%2Fv2%2Fproduct_tag&post=14760"}],"curies":[{"name":"wp","href":"https:\/\/api.w.org\/{rel}","templated":true}]}}