{"id":14782,"date":"2026-05-05T14:01:46","date_gmt":"2026-05-05T18:01:46","guid":{"rendered":"https:\/\/lesconfectionsjoly.com\/maxi-drain\/?product=5000"},"modified":"2026-05-05T14:03:49","modified_gmt":"2026-05-05T18:03:49","slug":"5000","status":"publish","type":"product","link":"https:\/\/lesconfectionsjoly.com\/maxi-drain\/?product=5000","title":{"rendered":"5000"},"content":{"rendered":"<p><a href=\"https:\/\/fr-ca.ssactivewear.com\/ShopNow\/ItemSpecSheet.aspx?ID=16&amp;ColorID=46045&amp;LanguageCode=fr\" target=\"_blank\" rel=\"noopener\">Voir la charte de grandeur<\/a><\/p>\n","protected":false},"excerpt":{"rendered":"<p><strong><strong>DTF<\/strong><\/strong><\/p>\n<p>100% coton pr\u00e9r\u00e9tr\u00e9ci<br \/>\nCouleur cendr\u00e9 50\/50 poly\/coton<\/p>\n","protected":false},"featured_media":13604,"template":"","meta":{"_coblocks_attr":"","_coblocks_dimensions":"","_coblocks_responsive_height":"","_coblocks_accordion_ie_support":""},"product_cat":[43],"product_tag":[],"class_list":{"0":"post-14782","1":"product","2":"type-product","3":"status-publish","4":"has-post-thumbnail","6":"product_cat-chandails","8":"first","9":"instock","10":"taxable","11":"shipping-taxable","12":"purchasable","13":"product-type-variable"},"_links":{"self":[{"href":"https:\/\/lesconfectionsjoly.com\/maxi-drain\/index.php?rest_route=\/wp\/v2\/product\/14782","targetHints":{"allow":["GET"]}}],"collection":[{"href":"https:\/\/lesconfectionsjoly.com\/maxi-drain\/index.php?rest_route=\/wp\/v2\/product"}],"about":[{"href":"https:\/\/lesconfectionsjoly.com\/maxi-drain\/index.php?rest_route=\/wp\/v2\/types\/product"}],"wp:featuredmedia":[{"embeddable":true,"href":"https:\/\/lesconfectionsjoly.com\/maxi-drain\/index.php?rest_route=\/wp\/v2\/media\/13604"}],"wp:attachment":[{"href":"https:\/\/lesconfectionsjoly.com\/maxi-drain\/index.php?rest_route=%2Fwp%2Fv2%2Fmedia&parent=14782"}],"wp:term":[{"taxonomy":"product_cat","embeddable":true,"href":"https:\/\/lesconfectionsjoly.com\/maxi-drain\/index.php?rest_route=%2Fwp%2Fv2%2Fproduct_cat&post=14782"},{"taxonomy":"product_tag","embeddable":true,"href":"https:\/\/lesconfectionsjoly.com\/maxi-drain\/index.php?rest_route=%2Fwp%2Fv2%2Fproduct_tag&post=14782"}],"curies":[{"name":"wp","href":"https:\/\/api.w.org\/{rel}","templated":true}]}}